{"id":50,"date":"2023-10-03T12:50:10","date_gmt":"2023-10-03T12:50:10","guid":{"rendered":"https:\/\/goldencalb.de\/?post_type=product&#038;p=50"},"modified":"2025-09-30T16:20:26","modified_gmt":"2025-09-30T16:20:26","slug":"napoleomanie","status":"publish","type":"product","link":"https:\/\/goldencalb.de\/?product=napoleomanie","title":{"rendered":"Napol\u00e9omanie"},"content":{"rendered":"<p>Er und die Zeit f\u00fcr die er steht sind in unserem Alltag omnipr\u00e4sent. Wir finden Napol\u00e9on als Symbol f\u00fcr die Zeit um 1800 in der Werbung, in Comics und Computerspielen ebenso wie in Romanen, Gem\u00e4lden und Filmen, auf unseren Stra\u00dfen und Pl\u00e4tzen. Er wurde gleichsam selbst zum Medium, und wie keine andere historische Gestalt verk\u00f6rpert er das moderne Europa.<\/p>\n<p>Kirstin Buchinger diagnostiziert Napol\u00e9omanie als einen virulenten und sich rasch ausbreitenden kulturellen und politischen Virus, der im Europa des langen 19. Jahrhunderts grassierte und gegen den wir auch in unserer Gegenwart nicht immun sind. Die Autorin zeigt Potenzial und Dynamik von Bildern und Ideen, die in verschiedenen zeittypischen Medien als Tr\u00e4ger der Erinnerungen (inter-)agieren und als wirkungsm\u00e4chtige kulturelle Replikatoren die Napol\u00e9omanie verbreiteten. Damit zeigt sie, wie \u201eBilder\u201c (im umfassendsten Sinne) unsere Vorstellungen von Geschichte konfigurieren.<\/p>\n","protected":false},"excerpt":{"rendered":"<p>Eine Kulturgeschichte des langen 19. Jahrhunderts, die zugleich zeigt, wie populistische Herrschaft entsteht.<\/p>\n","protected":false},"featured_media":30,"template":"","meta":[],"product_brand":[],"product_cat":[21],"product_tag":[],"class_list":{"0":"post-50","1":"product","2":"type-product","3":"status-publish","4":"has-post-thumbnail","6":"product_cat-buecher","7":"product_shipping_class-mittel","9":"first","10":"instock","11":"taxable","12":"shipping-taxable","13":"purchasable","14":"product-type-simple"},"yoast_head":"<!-- This site is optimized with the Yoast SEO plugin v27.6 - https:\/\/yoast.com\/product\/yoast-seo-wordpress\/ -->\n<title>Napol\u00e9omanie - GOLDENCALB Publishing<\/title>\n<meta name=\"robots\" content=\"index, follow, max-snippet:-1, max-image-preview:large, max-video-preview:-1\" \/>\n<link rel=\"canonical\" href=\"https:\/\/goldencalb.de\/?product=napoleomanie\" \/>\n<meta property=\"og:locale\" content=\"de_DE\" \/>\n<meta property=\"og:type\" content=\"article\" \/>\n<meta property=\"og:title\" content=\"Napol\u00e9omanie - GOLDENCALB Publishing\" \/>\n<meta property=\"og:description\" content=\"Eine Kulturgeschichte des langen 19. Jahrhunderts, die zugleich zeigt, wie populistische Herrschaft entsteht.\" \/>\n<meta property=\"og:url\" content=\"https:\/\/goldencalb.de\/?product=napoleomanie\" \/>\n<meta property=\"og:site_name\" content=\"GOLDENCALB Publishing\" \/>\n<meta property=\"article:modified_time\" content=\"2025-09-30T16:20:26+00:00\" \/>\n<meta property=\"og:image\" content=\"https:\/\/goldencalb.de\/wp-content\/uploads\/2023\/09\/cover-napoleomanie.jpg\" \/>\n\t<meta property=\"og:image:width\" content=\"249\" \/>\n\t<meta property=\"og:image:height\" content=\"331\" \/>\n\t<meta property=\"og:image:type\" content=\"image\/jpeg\" \/>\n<meta name=\"twitter:card\" content=\"summary_large_image\" \/>\n<meta name=\"twitter:label1\" content=\"Gesch\u00e4tzte Lesezeit\" \/>\n\t<meta name=\"twitter:data1\" content=\"1\u00a0Minute\" \/>\n<script type=\"application\/ld+json\" class=\"yoast-schema-graph\">{\"@context\":\"https:\\\/\\\/schema.org\",\"@graph\":[{\"@type\":\"WebPage\",\"@id\":\"https:\\\/\\\/goldencalb.de\\\/?product=napoleomanie\",\"url\":\"https:\\\/\\\/goldencalb.de\\\/?product=napoleomanie\",\"name\":\"Napol\u00e9omanie - GOLDENCALB Publishing\",\"isPartOf\":{\"@id\":\"https:\\\/\\\/goldencalb.de\\\/#website\"},\"primaryImageOfPage\":{\"@id\":\"https:\\\/\\\/goldencalb.de\\\/?product=napoleomanie#primaryimage\"},\"image\":{\"@id\":\"https:\\\/\\\/goldencalb.de\\\/?product=napoleomanie#primaryimage\"},\"thumbnailUrl\":\"https:\\\/\\\/goldencalb.de\\\/wp-content\\\/uploads\\\/2023\\\/09\\\/cover-napoleomanie.jpg\",\"datePublished\":\"2023-10-03T12:50:10+00:00\",\"dateModified\":\"2025-09-30T16:20:26+00:00\",\"breadcrumb\":{\"@id\":\"https:\\\/\\\/goldencalb.de\\\/?product=napoleomanie#breadcrumb\"},\"inLanguage\":\"de\",\"potentialAction\":[{\"@type\":\"ReadAction\",\"target\":[\"https:\\\/\\\/goldencalb.de\\\/?product=napoleomanie\"]}]},{\"@type\":\"ImageObject\",\"inLanguage\":\"de\",\"@id\":\"https:\\\/\\\/goldencalb.de\\\/?product=napoleomanie#primaryimage\",\"url\":\"https:\\\/\\\/goldencalb.de\\\/wp-content\\\/uploads\\\/2023\\\/09\\\/cover-napoleomanie.jpg\",\"contentUrl\":\"https:\\\/\\\/goldencalb.de\\\/wp-content\\\/uploads\\\/2023\\\/09\\\/cover-napoleomanie.jpg\",\"width\":249,\"height\":331,\"caption\":\"Held im Film und vielfach beschrieben\"},{\"@type\":\"BreadcrumbList\",\"@id\":\"https:\\\/\\\/goldencalb.de\\\/?product=napoleomanie#breadcrumb\",\"itemListElement\":[{\"@type\":\"ListItem\",\"position\":1,\"name\":\"Startseite\",\"item\":\"https:\\\/\\\/goldencalb.de\\\/\"},{\"@type\":\"ListItem\",\"position\":2,\"name\":\"Shop\",\"item\":\"https:\\\/\\\/goldencalb.de\\\/?page_id=6\"},{\"@type\":\"ListItem\",\"position\":3,\"name\":\"Napol\u00e9omanie\"}]},{\"@type\":\"WebSite\",\"@id\":\"https:\\\/\\\/goldencalb.de\\\/#website\",\"url\":\"https:\\\/\\\/goldencalb.de\\\/\",\"name\":\"GOLDENCALB Publishing\",\"description\":\"Geschichte, Kunst, Kultur\",\"publisher\":{\"@id\":\"https:\\\/\\\/goldencalb.de\\\/#organization\"},\"potentialAction\":[{\"@type\":\"SearchAction\",\"target\":{\"@type\":\"EntryPoint\",\"urlTemplate\":\"https:\\\/\\\/goldencalb.de\\\/?s={search_term_string}\"},\"query-input\":{\"@type\":\"PropertyValueSpecification\",\"valueRequired\":true,\"valueName\":\"search_term_string\"}}],\"inLanguage\":\"de\"},{\"@type\":\"Organization\",\"@id\":\"https:\\\/\\\/goldencalb.de\\\/#organization\",\"name\":\"GOLDENCALB Publishing\",\"url\":\"https:\\\/\\\/goldencalb.de\\\/\",\"logo\":{\"@type\":\"ImageObject\",\"inLanguage\":\"de\",\"@id\":\"https:\\\/\\\/goldencalb.de\\\/#\\\/schema\\\/logo\\\/image\\\/\",\"url\":\"https:\\\/\\\/goldencalb.de\\\/wp-content\\\/uploads\\\/2023\\\/11\\\/cropped-cropped-cropped-IMG_3643.webp\",\"contentUrl\":\"https:\\\/\\\/goldencalb.de\\\/wp-content\\\/uploads\\\/2023\\\/11\\\/cropped-cropped-cropped-IMG_3643.webp\",\"width\":512,\"height\":512,\"caption\":\"GOLDENCALB Publishing\"},\"image\":{\"@id\":\"https:\\\/\\\/goldencalb.de\\\/#\\\/schema\\\/logo\\\/image\\\/\"}}]}<\/script>\n<!-- \/ Yoast SEO plugin. -->","yoast_head_json":{"title":"Napol\u00e9omanie - GOLDENCALB Publishing","robots":{"index":"index","follow":"follow","max-snippet":"max-snippet:-1","max-image-preview":"max-image-preview:large","max-video-preview":"max-video-preview:-1"},"canonical":"https:\/\/goldencalb.de\/?product=napoleomanie","og_locale":"de_DE","og_type":"article","og_title":"Napol\u00e9omanie - GOLDENCALB Publishing","og_description":"Eine Kulturgeschichte des langen 19. Jahrhunderts, die zugleich zeigt, wie populistische Herrschaft entsteht.","og_url":"https:\/\/goldencalb.de\/?product=napoleomanie","og_site_name":"GOLDENCALB Publishing","article_modified_time":"2025-09-30T16:20:26+00:00","og_image":[{"width":249,"height":331,"url":"https:\/\/goldencalb.de\/wp-content\/uploads\/2023\/09\/cover-napoleomanie.jpg","type":"image\/jpeg"}],"twitter_card":"summary_large_image","twitter_misc":{"Gesch\u00e4tzte Lesezeit":"1\u00a0Minute"},"schema":{"@context":"https:\/\/schema.org","@graph":[{"@type":"WebPage","@id":"https:\/\/goldencalb.de\/?product=napoleomanie","url":"https:\/\/goldencalb.de\/?product=napoleomanie","name":"Napol\u00e9omanie - GOLDENCALB Publishing","isPartOf":{"@id":"https:\/\/goldencalb.de\/#website"},"primaryImageOfPage":{"@id":"https:\/\/goldencalb.de\/?product=napoleomanie#primaryimage"},"image":{"@id":"https:\/\/goldencalb.de\/?product=napoleomanie#primaryimage"},"thumbnailUrl":"https:\/\/goldencalb.de\/wp-content\/uploads\/2023\/09\/cover-napoleomanie.jpg","datePublished":"2023-10-03T12:50:10+00:00","dateModified":"2025-09-30T16:20:26+00:00","breadcrumb":{"@id":"https:\/\/goldencalb.de\/?product=napoleomanie#breadcrumb"},"inLanguage":"de","potentialAction":[{"@type":"ReadAction","target":["https:\/\/goldencalb.de\/?product=napoleomanie"]}]},{"@type":"ImageObject","inLanguage":"de","@id":"https:\/\/goldencalb.de\/?product=napoleomanie#primaryimage","url":"https:\/\/goldencalb.de\/wp-content\/uploads\/2023\/09\/cover-napoleomanie.jpg","contentUrl":"https:\/\/goldencalb.de\/wp-content\/uploads\/2023\/09\/cover-napoleomanie.jpg","width":249,"height":331,"caption":"Held im Film und vielfach beschrieben"},{"@type":"BreadcrumbList","@id":"https:\/\/goldencalb.de\/?product=napoleomanie#breadcrumb","itemListElement":[{"@type":"ListItem","position":1,"name":"Startseite","item":"https:\/\/goldencalb.de\/"},{"@type":"ListItem","position":2,"name":"Shop","item":"https:\/\/goldencalb.de\/?page_id=6"},{"@type":"ListItem","position":3,"name":"Napol\u00e9omanie"}]},{"@type":"WebSite","@id":"https:\/\/goldencalb.de\/#website","url":"https:\/\/goldencalb.de\/","name":"GOLDENCALB Publishing","description":"Geschichte, Kunst, Kultur","publisher":{"@id":"https:\/\/goldencalb.de\/#organization"},"potentialAction":[{"@type":"SearchAction","target":{"@type":"EntryPoint","urlTemplate":"https:\/\/goldencalb.de\/?s={search_term_string}"},"query-input":{"@type":"PropertyValueSpecification","valueRequired":true,"valueName":"search_term_string"}}],"inLanguage":"de"},{"@type":"Organization","@id":"https:\/\/goldencalb.de\/#organization","name":"GOLDENCALB Publishing","url":"https:\/\/goldencalb.de\/","logo":{"@type":"ImageObject","inLanguage":"de","@id":"https:\/\/goldencalb.de\/#\/schema\/logo\/image\/","url":"https:\/\/goldencalb.de\/wp-content\/uploads\/2023\/11\/cropped-cropped-cropped-IMG_3643.webp","contentUrl":"https:\/\/goldencalb.de\/wp-content\/uploads\/2023\/11\/cropped-cropped-cropped-IMG_3643.webp","width":512,"height":512,"caption":"GOLDENCALB Publishing"},"image":{"@id":"https:\/\/goldencalb.de\/#\/schema\/logo\/image\/"}}]}},"jetpack_sharing_enabled":true,"_links":{"self":[{"href":"https:\/\/goldencalb.de\/index.php?rest_route=\/wp\/v2\/product\/50","targetHints":{"allow":["GET"]}}],"collection":[{"href":"https:\/\/goldencalb.de\/index.php?rest_route=\/wp\/v2\/product"}],"about":[{"href":"https:\/\/goldencalb.de\/index.php?rest_route=\/wp\/v2\/types\/product"}],"wp:featuredmedia":[{"embeddable":true,"href":"https:\/\/goldencalb.de\/index.php?rest_route=\/wp\/v2\/media\/30"}],"wp:attachment":[{"href":"https:\/\/goldencalb.de\/index.php?rest_route=%2Fwp%2Fv2%2Fmedia&parent=50"}],"wp:term":[{"taxonomy":"product_brand","embeddable":true,"href":"https:\/\/goldencalb.de\/index.php?rest_route=%2Fwp%2Fv2%2Fproduct_brand&post=50"},{"taxonomy":"product_cat","embeddable":true,"href":"https:\/\/goldencalb.de\/index.php?rest_route=%2Fwp%2Fv2%2Fproduct_cat&post=50"},{"taxonomy":"product_tag","embeddable":true,"href":"https:\/\/goldencalb.de\/index.php?rest_route=%2Fwp%2Fv2%2Fproduct_tag&post=50"}],"curies":[{"name":"wp","href":"https:\/\/api.w.org\/{rel}","templated":true}]}}