{"id":441,"date":"2025-09-06T09:43:22","date_gmt":"2025-09-06T09:43:22","guid":{"rendered":"https:\/\/goldencalb.de\/?post_type=product&#038;p=441"},"modified":"2026-01-26T17:11:04","modified_gmt":"2026-01-26T17:11:04","slug":"yva-und-ihre-zeit","status":"publish","type":"product","link":"https:\/\/goldencalb.de\/?product=yva-und-ihre-zeit","title":{"rendered":"Yva und ihre Zeit"},"content":{"rendered":"<p>Yva \u2013 Else Neul\u00e4nder-Simon (1900\u2013vor dem 8. Mai 1945) war eine der stilbildenden Fotografinnen der Weimarer Avantgarde. Ihre Aufnahmen pr\u00e4gen bis heute das Bild jener Moderne, die Berlin in den 1920er-Jahren zu einem Mekka der Lichtbildner machte \u2013 bis sie selbst aus dieser Geschichte getilgt wurde.<\/p>\n<p>Diese fragmentarische Biografie rekonstruiert Yvas fotografisches \u0152uvre im historischen Kontext \u2013 und folgt den Spuren ihres Lebens, ihrer Netzwerke und der Mechanismen ihrer Ausl\u00f6schung.<\/p>\n<p>Ein Buch \u00fcber Sichtbarkeit und Verdr\u00e4ngung, \u00fcber Erinnerungspolitik und die gro\u00dfe Macht der Bilder. Mit 145, teils seltenen und aufwendig restaurierten Abbildungen.<\/p>\n","protected":false},"excerpt":{"rendered":"<p>Yva \u2013 Else Neul\u00e4nder-Simon (1900\u2013vor dem 8. Mai 1945) war eine der stilbildenden Fotografinnen der Weimarer Avantgarde. Ihre Aufnahmen pr\u00e4gen bis heute das Bild jener Moderne, die Berlin in den 1920er-Jahren zu einem Mekka der Lichtbildner machte \u2013 bis sie selbst aus dieser Geschichte getilgt wurde. Diese fragmentarische Biografie rekonstruiert Yvas fotografisches \u0152uvre im historischen &hellip; <\/p>\n<p class=\"link-more\"><a href=\"https:\/\/goldencalb.de\/?product=yva-und-ihre-zeit\" class=\"more-link\">Mehr <span class=\"screen-reader-text\">\u00fcber &#8222;Yva und ihre Zeit&#8220; <\/span>Lesen<\/a><\/p>\n","protected":false},"featured_media":443,"template":"","meta":[],"product_brand":[],"product_cat":[21],"product_tag":[],"class_list":{"0":"post-441","1":"product","2":"type-product","3":"status-publish","4":"has-post-thumbnail","6":"product_cat-buecher","7":"product_shipping_class-mittel","9":"first","10":"instock","11":"taxable","12":"shipping-taxable","13":"purchasable","14":"product-type-simple"},"yoast_head":"<!-- This site is optimized with the Yoast SEO plugin v27.6 - https:\/\/yoast.com\/product\/yoast-seo-wordpress\/ -->\n<title>Yva und ihre Zeit - GOLDENCALB Publishing<\/title>\n<meta name=\"description\" content=\"Yva \u2013 Else Neul\u00e4nder-Simon (1900\u2013vor dem 8. Mai 1945) war eine der stilbildenden Fotografinnen der Weimarer Avantgarde. Ihre Aufnahmen pr\u00e4gen bis heute das Bild jener Moderne, die Berlin in den 1920er-Jahren zu einem Mekka der Lichtbildner machte \u2013 bis sie selbst aus dieser Geschichte getilgt wurde.Diese fragmentarische Biografie rekonstruiert Yvas fotografisches \u0152uvre im historischen Kontext \u2013 und folgt den Spuren ihres Lebens, ihrer Netzwerke und der Mechanismen ihrer Ausl\u00f6schung. Ein Buch \u00fcber Sichtbarkeit und Verdr\u00e4ngung, \u00fcber Erinnerungspolitik und die gro\u00dfe Macht der Bilder.\" \/>\n<meta name=\"robots\" content=\"index, follow, max-snippet:-1, max-image-preview:large, max-video-preview:-1\" \/>\n<link rel=\"canonical\" href=\"https:\/\/goldencalb.de\/?product=yva-und-ihre-zeit\" \/>\n<meta property=\"og:locale\" content=\"de_DE\" \/>\n<meta property=\"og:type\" content=\"article\" \/>\n<meta property=\"og:title\" content=\"Yva und ihre Zeit - GOLDENCALB Publishing\" \/>\n<meta property=\"og:description\" content=\"Yva \u2013 Else Neul\u00e4nder-Simon (1900\u2013vor dem 8. Mai 1945) war eine der stilbildenden Fotografinnen der Weimarer Avantgarde. Ihre Aufnahmen pr\u00e4gen bis heute das Bild jener Moderne, die Berlin in den 1920er-Jahren zu einem Mekka der Lichtbildner machte \u2013 bis sie selbst aus dieser Geschichte getilgt wurde.Diese fragmentarische Biografie rekonstruiert Yvas fotografisches \u0152uvre im historischen Kontext \u2013 und folgt den Spuren ihres Lebens, ihrer Netzwerke und der Mechanismen ihrer Ausl\u00f6schung. Ein Buch \u00fcber Sichtbarkeit und Verdr\u00e4ngung, \u00fcber Erinnerungspolitik und die gro\u00dfe Macht der Bilder.\" \/>\n<meta property=\"og:url\" content=\"https:\/\/goldencalb.de\/?product=yva-und-ihre-zeit\" \/>\n<meta property=\"og:site_name\" content=\"GOLDENCALB Publishing\" \/>\n<meta property=\"article:modified_time\" content=\"2026-01-26T17:11:04+00:00\" \/>\n<meta property=\"og:image\" content=\"https:\/\/goldencalb.de\/wp-content\/uploads\/2025\/09\/YVA-Buch_Cover_2.jpg\" \/>\n\t<meta property=\"og:image:width\" content=\"1000\" \/>\n\t<meta property=\"og:image:height\" content=\"1290\" \/>\n\t<meta property=\"og:image:type\" content=\"image\/jpeg\" \/>\n<meta name=\"twitter:card\" content=\"summary_large_image\" \/>\n<meta name=\"twitter:label1\" content=\"Gesch\u00e4tzte Lesezeit\" \/>\n\t<meta name=\"twitter:data1\" content=\"1\u00a0Minute\" \/>\n<script type=\"application\/ld+json\" class=\"yoast-schema-graph\">{\"@context\":\"https:\\\/\\\/schema.org\",\"@graph\":[{\"@type\":\"WebPage\",\"@id\":\"https:\\\/\\\/goldencalb.de\\\/?product=yva-und-ihre-zeit\",\"url\":\"https:\\\/\\\/goldencalb.de\\\/?product=yva-und-ihre-zeit\",\"name\":\"Yva und ihre Zeit - GOLDENCALB Publishing\",\"isPartOf\":{\"@id\":\"https:\\\/\\\/goldencalb.de\\\/#website\"},\"primaryImageOfPage\":{\"@id\":\"https:\\\/\\\/goldencalb.de\\\/?product=yva-und-ihre-zeit#primaryimage\"},\"image\":{\"@id\":\"https:\\\/\\\/goldencalb.de\\\/?product=yva-und-ihre-zeit#primaryimage\"},\"thumbnailUrl\":\"https:\\\/\\\/goldencalb.de\\\/wp-content\\\/uploads\\\/2025\\\/09\\\/YVA-Buch_Cover_2.jpg\",\"datePublished\":\"2025-09-06T09:43:22+00:00\",\"dateModified\":\"2026-01-26T17:11:04+00:00\",\"description\":\"Yva \u2013 Else Neul\u00e4nder-Simon (1900\u2013vor dem 8. Mai 1945) war eine der stilbildenden Fotografinnen der Weimarer Avantgarde. Ihre Aufnahmen pr\u00e4gen bis heute das Bild jener Moderne, die Berlin in den 1920er-Jahren zu einem Mekka der Lichtbildner machte \u2013 bis sie selbst aus dieser Geschichte getilgt wurde.Diese fragmentarische Biografie rekonstruiert Yvas fotografisches \u0152uvre im historischen Kontext \u2013 und folgt den Spuren ihres Lebens, ihrer Netzwerke und der Mechanismen ihrer Ausl\u00f6schung. Ein Buch \u00fcber Sichtbarkeit und Verdr\u00e4ngung, \u00fcber Erinnerungspolitik und die gro\u00dfe Macht der Bilder.\",\"breadcrumb\":{\"@id\":\"https:\\\/\\\/goldencalb.de\\\/?product=yva-und-ihre-zeit#breadcrumb\"},\"inLanguage\":\"de\",\"potentialAction\":[{\"@type\":\"ReadAction\",\"target\":[\"https:\\\/\\\/goldencalb.de\\\/?product=yva-und-ihre-zeit\"]}]},{\"@type\":\"ImageObject\",\"inLanguage\":\"de\",\"@id\":\"https:\\\/\\\/goldencalb.de\\\/?product=yva-und-ihre-zeit#primaryimage\",\"url\":\"https:\\\/\\\/goldencalb.de\\\/wp-content\\\/uploads\\\/2025\\\/09\\\/YVA-Buch_Cover_2.jpg\",\"contentUrl\":\"https:\\\/\\\/goldencalb.de\\\/wp-content\\\/uploads\\\/2025\\\/09\\\/YVA-Buch_Cover_2.jpg\",\"width\":1000,\"height\":1290},{\"@type\":\"BreadcrumbList\",\"@id\":\"https:\\\/\\\/goldencalb.de\\\/?product=yva-und-ihre-zeit#breadcrumb\",\"itemListElement\":[{\"@type\":\"ListItem\",\"position\":1,\"name\":\"Startseite\",\"item\":\"https:\\\/\\\/goldencalb.de\\\/\"},{\"@type\":\"ListItem\",\"position\":2,\"name\":\"Shop\",\"item\":\"https:\\\/\\\/goldencalb.de\\\/?page_id=6\"},{\"@type\":\"ListItem\",\"position\":3,\"name\":\"Yva und ihre Zeit\"}]},{\"@type\":\"WebSite\",\"@id\":\"https:\\\/\\\/goldencalb.de\\\/#website\",\"url\":\"https:\\\/\\\/goldencalb.de\\\/\",\"name\":\"GOLDENCALB Publishing\",\"description\":\"Geschichte, Kunst, Kultur\",\"publisher\":{\"@id\":\"https:\\\/\\\/goldencalb.de\\\/#organization\"},\"potentialAction\":[{\"@type\":\"SearchAction\",\"target\":{\"@type\":\"EntryPoint\",\"urlTemplate\":\"https:\\\/\\\/goldencalb.de\\\/?s={search_term_string}\"},\"query-input\":{\"@type\":\"PropertyValueSpecification\",\"valueRequired\":true,\"valueName\":\"search_term_string\"}}],\"inLanguage\":\"de\"},{\"@type\":\"Organization\",\"@id\":\"https:\\\/\\\/goldencalb.de\\\/#organization\",\"name\":\"GOLDENCALB Publishing\",\"url\":\"https:\\\/\\\/goldencalb.de\\\/\",\"logo\":{\"@type\":\"ImageObject\",\"inLanguage\":\"de\",\"@id\":\"https:\\\/\\\/goldencalb.de\\\/#\\\/schema\\\/logo\\\/image\\\/\",\"url\":\"https:\\\/\\\/goldencalb.de\\\/wp-content\\\/uploads\\\/2023\\\/11\\\/cropped-cropped-cropped-IMG_3643.webp\",\"contentUrl\":\"https:\\\/\\\/goldencalb.de\\\/wp-content\\\/uploads\\\/2023\\\/11\\\/cropped-cropped-cropped-IMG_3643.webp\",\"width\":512,\"height\":512,\"caption\":\"GOLDENCALB Publishing\"},\"image\":{\"@id\":\"https:\\\/\\\/goldencalb.de\\\/#\\\/schema\\\/logo\\\/image\\\/\"}}]}<\/script>\n<!-- \/ Yoast SEO plugin. -->","yoast_head_json":{"title":"Yva und ihre Zeit - GOLDENCALB Publishing","description":"Yva \u2013 Else Neul\u00e4nder-Simon (1900\u2013vor dem 8. Mai 1945) war eine der stilbildenden Fotografinnen der Weimarer Avantgarde. Ihre Aufnahmen pr\u00e4gen bis heute das Bild jener Moderne, die Berlin in den 1920er-Jahren zu einem Mekka der Lichtbildner machte \u2013 bis sie selbst aus dieser Geschichte getilgt wurde.Diese fragmentarische Biografie rekonstruiert Yvas fotografisches \u0152uvre im historischen Kontext \u2013 und folgt den Spuren ihres Lebens, ihrer Netzwerke und der Mechanismen ihrer Ausl\u00f6schung. Ein Buch \u00fcber Sichtbarkeit und Verdr\u00e4ngung, \u00fcber Erinnerungspolitik und die gro\u00dfe Macht der Bilder.","robots":{"index":"index","follow":"follow","max-snippet":"max-snippet:-1","max-image-preview":"max-image-preview:large","max-video-preview":"max-video-preview:-1"},"canonical":"https:\/\/goldencalb.de\/?product=yva-und-ihre-zeit","og_locale":"de_DE","og_type":"article","og_title":"Yva und ihre Zeit - GOLDENCALB Publishing","og_description":"Yva \u2013 Else Neul\u00e4nder-Simon (1900\u2013vor dem 8. Mai 1945) war eine der stilbildenden Fotografinnen der Weimarer Avantgarde. Ihre Aufnahmen pr\u00e4gen bis heute das Bild jener Moderne, die Berlin in den 1920er-Jahren zu einem Mekka der Lichtbildner machte \u2013 bis sie selbst aus dieser Geschichte getilgt wurde.Diese fragmentarische Biografie rekonstruiert Yvas fotografisches \u0152uvre im historischen Kontext \u2013 und folgt den Spuren ihres Lebens, ihrer Netzwerke und der Mechanismen ihrer Ausl\u00f6schung. Ein Buch \u00fcber Sichtbarkeit und Verdr\u00e4ngung, \u00fcber Erinnerungspolitik und die gro\u00dfe Macht der Bilder.","og_url":"https:\/\/goldencalb.de\/?product=yva-und-ihre-zeit","og_site_name":"GOLDENCALB Publishing","article_modified_time":"2026-01-26T17:11:04+00:00","og_image":[{"width":1000,"height":1290,"url":"https:\/\/goldencalb.de\/wp-content\/uploads\/2025\/09\/YVA-Buch_Cover_2.jpg","type":"image\/jpeg"}],"twitter_card":"summary_large_image","twitter_misc":{"Gesch\u00e4tzte Lesezeit":"1\u00a0Minute"},"schema":{"@context":"https:\/\/schema.org","@graph":[{"@type":"WebPage","@id":"https:\/\/goldencalb.de\/?product=yva-und-ihre-zeit","url":"https:\/\/goldencalb.de\/?product=yva-und-ihre-zeit","name":"Yva und ihre Zeit - GOLDENCALB Publishing","isPartOf":{"@id":"https:\/\/goldencalb.de\/#website"},"primaryImageOfPage":{"@id":"https:\/\/goldencalb.de\/?product=yva-und-ihre-zeit#primaryimage"},"image":{"@id":"https:\/\/goldencalb.de\/?product=yva-und-ihre-zeit#primaryimage"},"thumbnailUrl":"https:\/\/goldencalb.de\/wp-content\/uploads\/2025\/09\/YVA-Buch_Cover_2.jpg","datePublished":"2025-09-06T09:43:22+00:00","dateModified":"2026-01-26T17:11:04+00:00","description":"Yva \u2013 Else Neul\u00e4nder-Simon (1900\u2013vor dem 8. Mai 1945) war eine der stilbildenden Fotografinnen der Weimarer Avantgarde. Ihre Aufnahmen pr\u00e4gen bis heute das Bild jener Moderne, die Berlin in den 1920er-Jahren zu einem Mekka der Lichtbildner machte \u2013 bis sie selbst aus dieser Geschichte getilgt wurde.Diese fragmentarische Biografie rekonstruiert Yvas fotografisches \u0152uvre im historischen Kontext \u2013 und folgt den Spuren ihres Lebens, ihrer Netzwerke und der Mechanismen ihrer Ausl\u00f6schung. Ein Buch \u00fcber Sichtbarkeit und Verdr\u00e4ngung, \u00fcber Erinnerungspolitik und die gro\u00dfe Macht der Bilder.","breadcrumb":{"@id":"https:\/\/goldencalb.de\/?product=yva-und-ihre-zeit#breadcrumb"},"inLanguage":"de","potentialAction":[{"@type":"ReadAction","target":["https:\/\/goldencalb.de\/?product=yva-und-ihre-zeit"]}]},{"@type":"ImageObject","inLanguage":"de","@id":"https:\/\/goldencalb.de\/?product=yva-und-ihre-zeit#primaryimage","url":"https:\/\/goldencalb.de\/wp-content\/uploads\/2025\/09\/YVA-Buch_Cover_2.jpg","contentUrl":"https:\/\/goldencalb.de\/wp-content\/uploads\/2025\/09\/YVA-Buch_Cover_2.jpg","width":1000,"height":1290},{"@type":"BreadcrumbList","@id":"https:\/\/goldencalb.de\/?product=yva-und-ihre-zeit#breadcrumb","itemListElement":[{"@type":"ListItem","position":1,"name":"Startseite","item":"https:\/\/goldencalb.de\/"},{"@type":"ListItem","position":2,"name":"Shop","item":"https:\/\/goldencalb.de\/?page_id=6"},{"@type":"ListItem","position":3,"name":"Yva und ihre Zeit"}]},{"@type":"WebSite","@id":"https:\/\/goldencalb.de\/#website","url":"https:\/\/goldencalb.de\/","name":"GOLDENCALB Publishing","description":"Geschichte, Kunst, Kultur","publisher":{"@id":"https:\/\/goldencalb.de\/#organization"},"potentialAction":[{"@type":"SearchAction","target":{"@type":"EntryPoint","urlTemplate":"https:\/\/goldencalb.de\/?s={search_term_string}"},"query-input":{"@type":"PropertyValueSpecification","valueRequired":true,"valueName":"search_term_string"}}],"inLanguage":"de"},{"@type":"Organization","@id":"https:\/\/goldencalb.de\/#organization","name":"GOLDENCALB Publishing","url":"https:\/\/goldencalb.de\/","logo":{"@type":"ImageObject","inLanguage":"de","@id":"https:\/\/goldencalb.de\/#\/schema\/logo\/image\/","url":"https:\/\/goldencalb.de\/wp-content\/uploads\/2023\/11\/cropped-cropped-cropped-IMG_3643.webp","contentUrl":"https:\/\/goldencalb.de\/wp-content\/uploads\/2023\/11\/cropped-cropped-cropped-IMG_3643.webp","width":512,"height":512,"caption":"GOLDENCALB Publishing"},"image":{"@id":"https:\/\/goldencalb.de\/#\/schema\/logo\/image\/"}}]}},"jetpack_sharing_enabled":true,"_links":{"self":[{"href":"https:\/\/goldencalb.de\/index.php?rest_route=\/wp\/v2\/product\/441","targetHints":{"allow":["GET"]}}],"collection":[{"href":"https:\/\/goldencalb.de\/index.php?rest_route=\/wp\/v2\/product"}],"about":[{"href":"https:\/\/goldencalb.de\/index.php?rest_route=\/wp\/v2\/types\/product"}],"wp:featuredmedia":[{"embeddable":true,"href":"https:\/\/goldencalb.de\/index.php?rest_route=\/wp\/v2\/media\/443"}],"wp:attachment":[{"href":"https:\/\/goldencalb.de\/index.php?rest_route=%2Fwp%2Fv2%2Fmedia&parent=441"}],"wp:term":[{"taxonomy":"product_brand","embeddable":true,"href":"https:\/\/goldencalb.de\/index.php?rest_route=%2Fwp%2Fv2%2Fproduct_brand&post=441"},{"taxonomy":"product_cat","embeddable":true,"href":"https:\/\/goldencalb.de\/index.php?rest_route=%2Fwp%2Fv2%2Fproduct_cat&post=441"},{"taxonomy":"product_tag","embeddable":true,"href":"https:\/\/goldencalb.de\/index.php?rest_route=%2Fwp%2Fv2%2Fproduct_tag&post=441"}],"curies":[{"name":"wp","href":"https:\/\/api.w.org\/{rel}","templated":true}]}}