{"id":332,"date":"2024-11-17T13:30:04","date_gmt":"2024-11-17T13:30:04","guid":{"rendered":"https:\/\/goldencalb.de\/?post_type=product&#038;p=332"},"modified":"2025-09-30T16:22:08","modified_gmt":"2025-09-30T16:22:08","slug":"332","status":"publish","type":"product","link":"https:\/\/goldencalb.de\/?product=332","title":{"rendered":"Marianne Breslauer: Reisebilder \/ Travel Pictures"},"content":{"rendered":"<p>Marianne Breslauer ist vor allem als Portr\u00e4tfotografin und Ikone der \u201eNeuen Frau\u201c der 1920er-Jahre bekannt. Weniger beachtet sind bisher ihre Reisefotografien der 1920er- und 1930er-Jahre, die sie in Fotoalben kuratierte und mit auf die Flucht aus Deutschland und in das Schweizer Exil nahm. W\u00e4hrend ihres \u201ezweiten Lebens\u201c als erfolgreiche Kunsth\u00e4ndlerin bewahrte sie die Alben \u00fcber Jahrzehnte im Archiv auf. Das Buch \u201eMarianne Breslauer \u2013 Reisebilder\u201c macht die einzigartigen, \u201eunentdeckten\u201d fotografischen Reisetageb\u00fccher der Marianne Breslauer nun erstmals zug\u00e4nglich.<\/p>\n<p>Der gro\u00dfformatige Band enth\u00e4lt unver\u00f6ffentlichte, sorgsam kuratierte und restaurierte Aufnahmen, und die Herausgeber lassen damit nicht nur die von Marianne Breslauer bereisten Orte lebendig werden, sondern erz\u00e4hlen auch die Geschichte der Fotografin selbst. Das Werk bietet damit eine wertvolle Quelle zur Biografie der K\u00fcnstlerin ebenso wie zur Geschichte der europ\u00e4ischen Fotografie der Zwischenkriegszeit.<\/p>\n<p>Erscheinungsdatum: 09.12.2024<\/p>\n<p>Besprechung (Welt am Sonntag): <a href=\"https:\/\/www.welt.de\/geschichte\/article256198238\/marianne-breslauer-in-palaestina-das-gefuehl-als-mensch-nur-ein-sandkorn-der-wueste-zu-sein.html\" target=\"_blank\" rel=\"noopener\">https:\/\/www.welt.de\/geschichte\/article256198238\/marianne-breslauer-in-palaestina-das-gefuehl-als-mensch-nur-ein-sandkorn-der-wueste-zu-sein.html<\/a><\/p>\n","protected":false},"excerpt":{"rendered":"<p>Marianne Breslauer ist vor allem als Portr\u00e4tfotografin und Ikone der \u201eNeuen Frau\u201c der 1920er-Jahre bekannt. Weniger beachtet sind bisher ihre Reisefotografien der 1920er- und 1930er-Jahre, die sie in Fotoalben kuratierte und mit auf die Flucht aus Deutschland und in das Schweizer Exil nahm. W\u00e4hrend ihres \u201ezweiten Lebens\u201c als erfolgreiche Kunsth\u00e4ndlerin bewahrte sie die Alben \u00fcber &hellip; <\/p>\n<p class=\"link-more\"><a href=\"https:\/\/goldencalb.de\/?product=332\" class=\"more-link\">Mehr <span class=\"screen-reader-text\">\u00fcber &#8222;Marianne Breslauer: Reisebilder \/ Travel Pictures&#8220; <\/span>Lesen<\/a><\/p>\n","protected":false},"featured_media":333,"template":"","meta":[],"product_brand":[],"product_cat":[21],"product_tag":[],"class_list":{"0":"post-332","1":"product","2":"type-product","3":"status-publish","4":"has-post-thumbnail","6":"product_cat-buecher","7":"product_shipping_class-schwer","9":"first","10":"instock","11":"taxable","12":"shipping-taxable","13":"purchasable","14":"product-type-simple"},"yoast_head":"<!-- This site is optimized with the Yoast SEO plugin v27.6 - https:\/\/yoast.com\/product\/yoast-seo-wordpress\/ -->\n<title>Marianne Breslauer: Reisebilder \/ Travel Pictures - GOLDENCALB Publishing<\/title>\n<meta name=\"description\" content=\"Marianne Breslauer ist vor allem als Portr\u00e4tfotografin und Ikone der \u201eNeuen Frau\u201c der 1920er-Jahre bekannt. Weniger beachtet sind bisher ihre Reisefotografien der 1920er- und 1930er-Jahre, die sie in Fotoalben kuratierte und mit auf die Flucht aus Deutschland und in das Schweizer Exil nahm.\" \/>\n<meta name=\"robots\" content=\"index, follow, max-snippet:-1, max-image-preview:large, max-video-preview:-1\" \/>\n<link rel=\"canonical\" href=\"https:\/\/goldencalb.de\/?product=332\" \/>\n<meta property=\"og:locale\" content=\"de_DE\" \/>\n<meta property=\"og:type\" content=\"article\" \/>\n<meta property=\"og:title\" content=\"Marianne Breslauer: Reisebilder \/ Travel Pictures - GOLDENCALB Publishing\" \/>\n<meta property=\"og:description\" content=\"Marianne Breslauer ist vor allem als Portr\u00e4tfotografin und Ikone der \u201eNeuen Frau\u201c der 1920er-Jahre bekannt. Weniger beachtet sind bisher ihre Reisefotografien der 1920er- und 1930er-Jahre, die sie in Fotoalben kuratierte und mit auf die Flucht aus Deutschland und in das Schweizer Exil nahm.\" \/>\n<meta property=\"og:url\" content=\"https:\/\/goldencalb.de\/?product=332\" \/>\n<meta property=\"og:site_name\" content=\"GOLDENCALB Publishing\" \/>\n<meta property=\"article:modified_time\" content=\"2025-09-30T16:22:08+00:00\" \/>\n<meta property=\"og:image\" content=\"https:\/\/goldencalb.de\/wp-content\/uploads\/2024\/11\/breslauer_cover.jpg\" \/>\n\t<meta property=\"og:image:width\" content=\"2040\" \/>\n\t<meta property=\"og:image:height\" content=\"1587\" \/>\n\t<meta property=\"og:image:type\" content=\"image\/jpeg\" \/>\n<meta name=\"twitter:card\" content=\"summary_large_image\" \/>\n<meta name=\"twitter:label1\" content=\"Gesch\u00e4tzte Lesezeit\" \/>\n\t<meta name=\"twitter:data1\" content=\"1\u00a0Minute\" \/>\n<script type=\"application\/ld+json\" class=\"yoast-schema-graph\">{\"@context\":\"https:\\\/\\\/schema.org\",\"@graph\":[{\"@type\":\"WebPage\",\"@id\":\"https:\\\/\\\/goldencalb.de\\\/?product=332\",\"url\":\"https:\\\/\\\/goldencalb.de\\\/?product=332\",\"name\":\"Marianne Breslauer: Reisebilder \\\/ Travel Pictures - GOLDENCALB Publishing\",\"isPartOf\":{\"@id\":\"https:\\\/\\\/goldencalb.de\\\/#website\"},\"primaryImageOfPage\":{\"@id\":\"https:\\\/\\\/goldencalb.de\\\/?product=332#primaryimage\"},\"image\":{\"@id\":\"https:\\\/\\\/goldencalb.de\\\/?product=332#primaryimage\"},\"thumbnailUrl\":\"https:\\\/\\\/goldencalb.de\\\/wp-content\\\/uploads\\\/2024\\\/11\\\/breslauer_cover.jpg\",\"datePublished\":\"2024-11-17T13:30:04+00:00\",\"dateModified\":\"2025-09-30T16:22:08+00:00\",\"description\":\"Marianne Breslauer ist vor allem als Portr\u00e4tfotografin und Ikone der \u201eNeuen Frau\u201c der 1920er-Jahre bekannt. Weniger beachtet sind bisher ihre Reisefotografien der 1920er- und 1930er-Jahre, die sie in Fotoalben kuratierte und mit auf die Flucht aus Deutschland und in das Schweizer Exil nahm.\",\"breadcrumb\":{\"@id\":\"https:\\\/\\\/goldencalb.de\\\/?product=332#breadcrumb\"},\"inLanguage\":\"de\",\"potentialAction\":[{\"@type\":\"ReadAction\",\"target\":[\"https:\\\/\\\/goldencalb.de\\\/?product=332\"]}]},{\"@type\":\"ImageObject\",\"inLanguage\":\"de\",\"@id\":\"https:\\\/\\\/goldencalb.de\\\/?product=332#primaryimage\",\"url\":\"https:\\\/\\\/goldencalb.de\\\/wp-content\\\/uploads\\\/2024\\\/11\\\/breslauer_cover.jpg\",\"contentUrl\":\"https:\\\/\\\/goldencalb.de\\\/wp-content\\\/uploads\\\/2024\\\/11\\\/breslauer_cover.jpg\",\"width\":2040,\"height\":1587,\"caption\":\"Marianne Breslauer | Reisebilder\"},{\"@type\":\"BreadcrumbList\",\"@id\":\"https:\\\/\\\/goldencalb.de\\\/?product=332#breadcrumb\",\"itemListElement\":[{\"@type\":\"ListItem\",\"position\":1,\"name\":\"Startseite\",\"item\":\"https:\\\/\\\/goldencalb.de\\\/\"},{\"@type\":\"ListItem\",\"position\":2,\"name\":\"Shop\",\"item\":\"https:\\\/\\\/goldencalb.de\\\/?page_id=6\"},{\"@type\":\"ListItem\",\"position\":3,\"name\":\"Marianne Breslauer: Reisebilder \\\/ Travel Pictures\"}]},{\"@type\":\"WebSite\",\"@id\":\"https:\\\/\\\/goldencalb.de\\\/#website\",\"url\":\"https:\\\/\\\/goldencalb.de\\\/\",\"name\":\"GOLDENCALB Publishing\",\"description\":\"Geschichte, Kunst, Kultur\",\"publisher\":{\"@id\":\"https:\\\/\\\/goldencalb.de\\\/#organization\"},\"potentialAction\":[{\"@type\":\"SearchAction\",\"target\":{\"@type\":\"EntryPoint\",\"urlTemplate\":\"https:\\\/\\\/goldencalb.de\\\/?s={search_term_string}\"},\"query-input\":{\"@type\":\"PropertyValueSpecification\",\"valueRequired\":true,\"valueName\":\"search_term_string\"}}],\"inLanguage\":\"de\"},{\"@type\":\"Organization\",\"@id\":\"https:\\\/\\\/goldencalb.de\\\/#organization\",\"name\":\"GOLDENCALB Publishing\",\"url\":\"https:\\\/\\\/goldencalb.de\\\/\",\"logo\":{\"@type\":\"ImageObject\",\"inLanguage\":\"de\",\"@id\":\"https:\\\/\\\/goldencalb.de\\\/#\\\/schema\\\/logo\\\/image\\\/\",\"url\":\"https:\\\/\\\/goldencalb.de\\\/wp-content\\\/uploads\\\/2023\\\/11\\\/cropped-cropped-cropped-IMG_3643.webp\",\"contentUrl\":\"https:\\\/\\\/goldencalb.de\\\/wp-content\\\/uploads\\\/2023\\\/11\\\/cropped-cropped-cropped-IMG_3643.webp\",\"width\":512,\"height\":512,\"caption\":\"GOLDENCALB Publishing\"},\"image\":{\"@id\":\"https:\\\/\\\/goldencalb.de\\\/#\\\/schema\\\/logo\\\/image\\\/\"}}]}<\/script>\n<!-- \/ Yoast SEO plugin. -->","yoast_head_json":{"title":"Marianne Breslauer: Reisebilder \/ Travel Pictures - GOLDENCALB Publishing","description":"Marianne Breslauer ist vor allem als Portr\u00e4tfotografin und Ikone der \u201eNeuen Frau\u201c der 1920er-Jahre bekannt. Weniger beachtet sind bisher ihre Reisefotografien der 1920er- und 1930er-Jahre, die sie in Fotoalben kuratierte und mit auf die Flucht aus Deutschland und in das Schweizer Exil nahm.","robots":{"index":"index","follow":"follow","max-snippet":"max-snippet:-1","max-image-preview":"max-image-preview:large","max-video-preview":"max-video-preview:-1"},"canonical":"https:\/\/goldencalb.de\/?product=332","og_locale":"de_DE","og_type":"article","og_title":"Marianne Breslauer: Reisebilder \/ Travel Pictures - GOLDENCALB Publishing","og_description":"Marianne Breslauer ist vor allem als Portr\u00e4tfotografin und Ikone der \u201eNeuen Frau\u201c der 1920er-Jahre bekannt. Weniger beachtet sind bisher ihre Reisefotografien der 1920er- und 1930er-Jahre, die sie in Fotoalben kuratierte und mit auf die Flucht aus Deutschland und in das Schweizer Exil nahm.","og_url":"https:\/\/goldencalb.de\/?product=332","og_site_name":"GOLDENCALB Publishing","article_modified_time":"2025-09-30T16:22:08+00:00","og_image":[{"width":2040,"height":1587,"url":"https:\/\/goldencalb.de\/wp-content\/uploads\/2024\/11\/breslauer_cover.jpg","type":"image\/jpeg"}],"twitter_card":"summary_large_image","twitter_misc":{"Gesch\u00e4tzte Lesezeit":"1\u00a0Minute"},"schema":{"@context":"https:\/\/schema.org","@graph":[{"@type":"WebPage","@id":"https:\/\/goldencalb.de\/?product=332","url":"https:\/\/goldencalb.de\/?product=332","name":"Marianne Breslauer: Reisebilder \/ Travel Pictures - GOLDENCALB Publishing","isPartOf":{"@id":"https:\/\/goldencalb.de\/#website"},"primaryImageOfPage":{"@id":"https:\/\/goldencalb.de\/?product=332#primaryimage"},"image":{"@id":"https:\/\/goldencalb.de\/?product=332#primaryimage"},"thumbnailUrl":"https:\/\/goldencalb.de\/wp-content\/uploads\/2024\/11\/breslauer_cover.jpg","datePublished":"2024-11-17T13:30:04+00:00","dateModified":"2025-09-30T16:22:08+00:00","description":"Marianne Breslauer ist vor allem als Portr\u00e4tfotografin und Ikone der \u201eNeuen Frau\u201c der 1920er-Jahre bekannt. Weniger beachtet sind bisher ihre Reisefotografien der 1920er- und 1930er-Jahre, die sie in Fotoalben kuratierte und mit auf die Flucht aus Deutschland und in das Schweizer Exil nahm.","breadcrumb":{"@id":"https:\/\/goldencalb.de\/?product=332#breadcrumb"},"inLanguage":"de","potentialAction":[{"@type":"ReadAction","target":["https:\/\/goldencalb.de\/?product=332"]}]},{"@type":"ImageObject","inLanguage":"de","@id":"https:\/\/goldencalb.de\/?product=332#primaryimage","url":"https:\/\/goldencalb.de\/wp-content\/uploads\/2024\/11\/breslauer_cover.jpg","contentUrl":"https:\/\/goldencalb.de\/wp-content\/uploads\/2024\/11\/breslauer_cover.jpg","width":2040,"height":1587,"caption":"Marianne Breslauer | Reisebilder"},{"@type":"BreadcrumbList","@id":"https:\/\/goldencalb.de\/?product=332#breadcrumb","itemListElement":[{"@type":"ListItem","position":1,"name":"Startseite","item":"https:\/\/goldencalb.de\/"},{"@type":"ListItem","position":2,"name":"Shop","item":"https:\/\/goldencalb.de\/?page_id=6"},{"@type":"ListItem","position":3,"name":"Marianne Breslauer: Reisebilder \/ Travel Pictures"}]},{"@type":"WebSite","@id":"https:\/\/goldencalb.de\/#website","url":"https:\/\/goldencalb.de\/","name":"GOLDENCALB Publishing","description":"Geschichte, Kunst, Kultur","publisher":{"@id":"https:\/\/goldencalb.de\/#organization"},"potentialAction":[{"@type":"SearchAction","target":{"@type":"EntryPoint","urlTemplate":"https:\/\/goldencalb.de\/?s={search_term_string}"},"query-input":{"@type":"PropertyValueSpecification","valueRequired":true,"valueName":"search_term_string"}}],"inLanguage":"de"},{"@type":"Organization","@id":"https:\/\/goldencalb.de\/#organization","name":"GOLDENCALB Publishing","url":"https:\/\/goldencalb.de\/","logo":{"@type":"ImageObject","inLanguage":"de","@id":"https:\/\/goldencalb.de\/#\/schema\/logo\/image\/","url":"https:\/\/goldencalb.de\/wp-content\/uploads\/2023\/11\/cropped-cropped-cropped-IMG_3643.webp","contentUrl":"https:\/\/goldencalb.de\/wp-content\/uploads\/2023\/11\/cropped-cropped-cropped-IMG_3643.webp","width":512,"height":512,"caption":"GOLDENCALB Publishing"},"image":{"@id":"https:\/\/goldencalb.de\/#\/schema\/logo\/image\/"}}]}},"jetpack_sharing_enabled":true,"_links":{"self":[{"href":"https:\/\/goldencalb.de\/index.php?rest_route=\/wp\/v2\/product\/332","targetHints":{"allow":["GET"]}}],"collection":[{"href":"https:\/\/goldencalb.de\/index.php?rest_route=\/wp\/v2\/product"}],"about":[{"href":"https:\/\/goldencalb.de\/index.php?rest_route=\/wp\/v2\/types\/product"}],"wp:featuredmedia":[{"embeddable":true,"href":"https:\/\/goldencalb.de\/index.php?rest_route=\/wp\/v2\/media\/333"}],"wp:attachment":[{"href":"https:\/\/goldencalb.de\/index.php?rest_route=%2Fwp%2Fv2%2Fmedia&parent=332"}],"wp:term":[{"taxonomy":"product_brand","embeddable":true,"href":"https:\/\/goldencalb.de\/index.php?rest_route=%2Fwp%2Fv2%2Fproduct_brand&post=332"},{"taxonomy":"product_cat","embeddable":true,"href":"https:\/\/goldencalb.de\/index.php?rest_route=%2Fwp%2Fv2%2Fproduct_cat&post=332"},{"taxonomy":"product_tag","embeddable":true,"href":"https:\/\/goldencalb.de\/index.php?rest_route=%2Fwp%2Fv2%2Fproduct_tag&post=332"}],"curies":[{"name":"wp","href":"https:\/\/api.w.org\/{rel}","templated":true}]}}