{"id":540,"date":"2026-01-20T13:43:31","date_gmt":"2026-01-20T13:43:31","guid":{"rendered":"https:\/\/goldencalb.de\/?page_id=540"},"modified":"2026-01-21T09:03:23","modified_gmt":"2026-01-21T09:03:23","slug":"buchhandel","status":"publish","type":"page","link":"https:\/\/goldencalb.de\/?page_id=540","title":{"rendered":"Buchhandel"},"content":{"rendered":"\n<p>F\u00fcr unsere Buchhandelskonditionen sprechen Sie uns gerne unter <a href=\"mailto:info@goldencalb.de\" rel=\"nofollow\">info@goldencalb.de<\/a> an. Auch Bestellungen k\u00f6nnen Sie unter Angabe der gew\u00fcnschten Titel\/ISBN sowie Ihrer Buchhandels-Verkehrsnummer bequem an diese Adresse richten.<\/p>\n\n\n\n<div class=\"wp-block-buttons is-layout-flex wp-block-buttons-is-layout-flex\">\n<div class=\"wp-block-button is-style-outline is-style-outline--1\"><a class=\"wp-block-button__link wp-element-button\" href=\"https:\/\/goldencalb.de\/?post_type=product\">Unser Programm<\/a><\/div>\n<\/div>\n\n\n\n<p><\/p>\n","protected":false},"excerpt":{"rendered":"<p>F\u00fcr unsere Buchhandelskonditionen sprechen Sie uns gerne unter info@goldencalb.de an. Auch Bestellungen k\u00f6nnen Sie unter Angabe der gew\u00fcnschten Titel\/ISBN sowie Ihrer Buchhandels-Verkehrsnummer bequem an diese Adresse richten.<\/p>\n","protected":false},"author":1,"featured_media":0,"parent":0,"menu_order":0,"comment_status":"closed","ping_status":"closed","template":"","meta":{"footnotes":""},"class_list":["post-540","page","type-page","status-publish","hentry"],"yoast_head":"<!-- This site is optimized with the Yoast SEO plugin v27.5 - https:\/\/yoast.com\/product\/yoast-seo-wordpress\/ -->\n<title>Buchhandel - GOLDENCALB Publishing<\/title>\n<meta name=\"robots\" content=\"index, follow, max-snippet:-1, max-image-preview:large, max-video-preview:-1\" \/>\n<link rel=\"canonical\" href=\"https:\/\/goldencalb.de\/?page_id=540\" \/>\n<meta property=\"og:locale\" content=\"de_DE\" \/>\n<meta property=\"og:type\" content=\"article\" \/>\n<meta property=\"og:title\" content=\"Buchhandel - GOLDENCALB Publishing\" \/>\n<meta property=\"og:description\" content=\"F\u00fcr unsere Buchhandelskonditionen sprechen Sie uns gerne unter info@goldencalb.de an. Auch Bestellungen k\u00f6nnen Sie unter Angabe der gew\u00fcnschten Titel\/ISBN sowie Ihrer Buchhandels-Verkehrsnummer bequem an diese Adresse richten.\" \/>\n<meta property=\"og:url\" content=\"https:\/\/goldencalb.de\/?page_id=540\" \/>\n<meta property=\"og:site_name\" content=\"GOLDENCALB Publishing\" \/>\n<meta property=\"article:modified_time\" content=\"2026-01-21T09:03:23+00:00\" \/>\n<meta name=\"twitter:card\" content=\"summary_large_image\" \/>\n<meta name=\"twitter:label1\" content=\"Gesch\u00e4tzte Lesezeit\" \/>\n\t<meta name=\"twitter:data1\" content=\"1\u00a0Minute\" \/>\n<script type=\"application\/ld+json\" class=\"yoast-schema-graph\">{\"@context\":\"https:\\\/\\\/schema.org\",\"@graph\":[{\"@type\":\"WebPage\",\"@id\":\"https:\\\/\\\/goldencalb.de\\\/?page_id=540\",\"url\":\"https:\\\/\\\/goldencalb.de\\\/?page_id=540\",\"name\":\"Buchhandel - GOLDENCALB Publishing\",\"isPartOf\":{\"@id\":\"https:\\\/\\\/goldencalb.de\\\/#website\"},\"datePublished\":\"2026-01-20T13:43:31+00:00\",\"dateModified\":\"2026-01-21T09:03:23+00:00\",\"breadcrumb\":{\"@id\":\"https:\\\/\\\/goldencalb.de\\\/?page_id=540#breadcrumb\"},\"inLanguage\":\"de\",\"potentialAction\":[{\"@type\":\"ReadAction\",\"target\":[\"https:\\\/\\\/goldencalb.de\\\/?page_id=540\"]}]},{\"@type\":\"BreadcrumbList\",\"@id\":\"https:\\\/\\\/goldencalb.de\\\/?page_id=540#breadcrumb\",\"itemListElement\":[{\"@type\":\"ListItem\",\"position\":1,\"name\":\"Startseite\",\"item\":\"https:\\\/\\\/goldencalb.de\\\/\"},{\"@type\":\"ListItem\",\"position\":2,\"name\":\"Buchhandel\"}]},{\"@type\":\"WebSite\",\"@id\":\"https:\\\/\\\/goldencalb.de\\\/#website\",\"url\":\"https:\\\/\\\/goldencalb.de\\\/\",\"name\":\"GOLDENCALB Publishing\",\"description\":\"Geschichte, Kunst, Kultur\",\"publisher\":{\"@id\":\"https:\\\/\\\/goldencalb.de\\\/#organization\"},\"potentialAction\":[{\"@type\":\"SearchAction\",\"target\":{\"@type\":\"EntryPoint\",\"urlTemplate\":\"https:\\\/\\\/goldencalb.de\\\/?s={search_term_string}\"},\"query-input\":{\"@type\":\"PropertyValueSpecification\",\"valueRequired\":true,\"valueName\":\"search_term_string\"}}],\"inLanguage\":\"de\"},{\"@type\":\"Organization\",\"@id\":\"https:\\\/\\\/goldencalb.de\\\/#organization\",\"name\":\"GOLDENCALB Publishing\",\"url\":\"https:\\\/\\\/goldencalb.de\\\/\",\"logo\":{\"@type\":\"ImageObject\",\"inLanguage\":\"de\",\"@id\":\"https:\\\/\\\/goldencalb.de\\\/#\\\/schema\\\/logo\\\/image\\\/\",\"url\":\"https:\\\/\\\/goldencalb.de\\\/wp-content\\\/uploads\\\/2023\\\/11\\\/cropped-cropped-cropped-IMG_3643.webp\",\"contentUrl\":\"https:\\\/\\\/goldencalb.de\\\/wp-content\\\/uploads\\\/2023\\\/11\\\/cropped-cropped-cropped-IMG_3643.webp\",\"width\":512,\"height\":512,\"caption\":\"GOLDENCALB Publishing\"},\"image\":{\"@id\":\"https:\\\/\\\/goldencalb.de\\\/#\\\/schema\\\/logo\\\/image\\\/\"}}]}<\/script>\n<!-- \/ Yoast SEO plugin. -->","yoast_head_json":{"title":"Buchhandel - GOLDENCALB Publishing","robots":{"index":"index","follow":"follow","max-snippet":"max-snippet:-1","max-image-preview":"max-image-preview:large","max-video-preview":"max-video-preview:-1"},"canonical":"https:\/\/goldencalb.de\/?page_id=540","og_locale":"de_DE","og_type":"article","og_title":"Buchhandel - GOLDENCALB Publishing","og_description":"F\u00fcr unsere Buchhandelskonditionen sprechen Sie uns gerne unter info@goldencalb.de an. Auch Bestellungen k\u00f6nnen Sie unter Angabe der gew\u00fcnschten Titel\/ISBN sowie Ihrer Buchhandels-Verkehrsnummer bequem an diese Adresse richten.","og_url":"https:\/\/goldencalb.de\/?page_id=540","og_site_name":"GOLDENCALB Publishing","article_modified_time":"2026-01-21T09:03:23+00:00","twitter_card":"summary_large_image","twitter_misc":{"Gesch\u00e4tzte Lesezeit":"1\u00a0Minute"},"schema":{"@context":"https:\/\/schema.org","@graph":[{"@type":"WebPage","@id":"https:\/\/goldencalb.de\/?page_id=540","url":"https:\/\/goldencalb.de\/?page_id=540","name":"Buchhandel - GOLDENCALB Publishing","isPartOf":{"@id":"https:\/\/goldencalb.de\/#website"},"datePublished":"2026-01-20T13:43:31+00:00","dateModified":"2026-01-21T09:03:23+00:00","breadcrumb":{"@id":"https:\/\/goldencalb.de\/?page_id=540#breadcrumb"},"inLanguage":"de","potentialAction":[{"@type":"ReadAction","target":["https:\/\/goldencalb.de\/?page_id=540"]}]},{"@type":"BreadcrumbList","@id":"https:\/\/goldencalb.de\/?page_id=540#breadcrumb","itemListElement":[{"@type":"ListItem","position":1,"name":"Startseite","item":"https:\/\/goldencalb.de\/"},{"@type":"ListItem","position":2,"name":"Buchhandel"}]},{"@type":"WebSite","@id":"https:\/\/goldencalb.de\/#website","url":"https:\/\/goldencalb.de\/","name":"GOLDENCALB Publishing","description":"Geschichte, Kunst, Kultur","publisher":{"@id":"https:\/\/goldencalb.de\/#organization"},"potentialAction":[{"@type":"SearchAction","target":{"@type":"EntryPoint","urlTemplate":"https:\/\/goldencalb.de\/?s={search_term_string}"},"query-input":{"@type":"PropertyValueSpecification","valueRequired":true,"valueName":"search_term_string"}}],"inLanguage":"de"},{"@type":"Organization","@id":"https:\/\/goldencalb.de\/#organization","name":"GOLDENCALB Publishing","url":"https:\/\/goldencalb.de\/","logo":{"@type":"ImageObject","inLanguage":"de","@id":"https:\/\/goldencalb.de\/#\/schema\/logo\/image\/","url":"https:\/\/goldencalb.de\/wp-content\/uploads\/2023\/11\/cropped-cropped-cropped-IMG_3643.webp","contentUrl":"https:\/\/goldencalb.de\/wp-content\/uploads\/2023\/11\/cropped-cropped-cropped-IMG_3643.webp","width":512,"height":512,"caption":"GOLDENCALB Publishing"},"image":{"@id":"https:\/\/goldencalb.de\/#\/schema\/logo\/image\/"}}]}},"jetpack_sharing_enabled":true,"_links":{"self":[{"href":"https:\/\/goldencalb.de\/index.php?rest_route=\/wp\/v2\/pages\/540","targetHints":{"allow":["GET"]}}],"collection":[{"href":"https:\/\/goldencalb.de\/index.php?rest_route=\/wp\/v2\/pages"}],"about":[{"href":"https:\/\/goldencalb.de\/index.php?rest_route=\/wp\/v2\/types\/page"}],"author":[{"embeddable":true,"href":"https:\/\/goldencalb.de\/index.php?rest_route=\/wp\/v2\/users\/1"}],"replies":[{"embeddable":true,"href":"https:\/\/goldencalb.de\/index.php?rest_route=%2Fwp%2Fv2%2Fcomments&post=540"}],"version-history":[{"count":3,"href":"https:\/\/goldencalb.de\/index.php?rest_route=\/wp\/v2\/pages\/540\/revisions"}],"predecessor-version":[{"id":545,"href":"https:\/\/goldencalb.de\/index.php?rest_route=\/wp\/v2\/pages\/540\/revisions\/545"}],"wp:attachment":[{"href":"https:\/\/goldencalb.de\/index.php?rest_route=%2Fwp%2Fv2%2Fmedia&parent=540"}],"curies":[{"name":"wp","href":"https:\/\/api.w.org\/{rel}","templated":true}]}}